{"id":377,"date":"2024-11-16T22:06:46","date_gmt":"2024-11-17T01:06:46","guid":{"rendered":"https:\/\/onmidas.com\/?page_id=377"},"modified":"2026-01-29T15:55:54","modified_gmt":"2026-01-29T18:55:54","slug":"quem-somos","status":"publish","type":"page","link":"https:\/\/onmidas.com\/en\/quem-somos\/","title":{"rendered":"Who We Are"},"content":{"rendered":"<div data-elementor-type=\"wp-page\" data-elementor-id=\"377\" class=\"elementor elementor-377\" data-elementor-post-type=\"page\">\n\t\t\t\t<div class=\"elementor-element elementor-element-1ac886bc e-con-full e-flex e-con e-parent\" data-id=\"1ac886bc\" data-element_type=\"container\" data-e-type=\"container\" data-settings=\"{&quot;background_background&quot;:&quot;classic&quot;}\">\n\t\t<div class=\"elementor-element elementor-element-767deee9 e-con-full e-flex e-con e-child\" data-id=\"767deee9\" data-element_type=\"container\" data-e-type=\"container\" data-settings=\"{&quot;background_background&quot;:&quot;classic&quot;}\">\n\t\t<div class=\"elementor-element elementor-element-636258c4 e-flex e-con-boxed e-con e-child\" data-id=\"636258c4\" data-element_type=\"container\" data-e-type=\"container\">\n\t\t\t\t\t<div class=\"e-con-inner\">\n\t\t\t\t<div class=\"elementor-element elementor-element-5ff8447a elementor-invisible elementor-widget elementor-widget-heading\" data-id=\"5ff8447a\" data-element_type=\"widget\" data-e-type=\"widget\" data-settings=\"{&quot;_animation&quot;:&quot;fadeInUp&quot;,&quot;_animation_delay&quot;:200}\" data-widget_type=\"heading.default\">\n\t\t\t\t<div class=\"elementor-widget-container\">\n\t\t\t\t\t<h1 class=\"elementor-heading-title elementor-size-default\">Our History<\/h1>\t\t\t\t<\/div>\n\t\t\t\t<\/div>\n\t\t\t\t\t<\/div>\n\t\t\t\t<\/div>\n\t\t\t\t<\/div>\n\t\t\t\t<\/div>\n\t\t<div class=\"elementor-element elementor-element-65371ad1 e-flex e-con-boxed e-con e-parent\" data-id=\"65371ad1\" data-element_type=\"container\" data-e-type=\"container\">\n\t\t\t\t\t<div class=\"e-con-inner\">\n\t\t<div class=\"elementor-element elementor-element-1fb282dc e-con-full e-flex elementor-invisible e-con e-child\" data-id=\"1fb282dc\" data-element_type=\"container\" data-e-type=\"container\" data-settings=\"{&quot;animation&quot;:&quot;fadeInUp&quot;}\">\n\t\t\t\t<div class=\"elementor-element elementor-element-19f6090a elementor-widget elementor-widget-image\" data-id=\"19f6090a\" data-element_type=\"widget\" data-e-type=\"widget\" data-widget_type=\"image.default\">\n\t\t\t\t<div class=\"elementor-widget-container\">\n\t\t\t\t\t\t\t\t\t\t\t\t\t\t\t<img fetchpriority=\"high\" decoding=\"async\" width=\"2560\" height=\"1187\" src=\"https:\/\/onmidas.com\/wp-content\/uploads\/2025\/08\/vecteezy_digital-technology-internet-network-connection-big-data_51170323-scaled.jpg\" class=\"attachment-full size-full wp-image-1022\" alt=\"\" srcset=\"https:\/\/onmidas.com\/wp-content\/uploads\/2025\/08\/vecteezy_digital-technology-internet-network-connection-big-data_51170323-scaled.jpg 2560w, https:\/\/onmidas.com\/wp-content\/uploads\/2025\/08\/vecteezy_digital-technology-internet-network-connection-big-data_51170323-300x139.jpg 300w, https:\/\/onmidas.com\/wp-content\/uploads\/2025\/08\/vecteezy_digital-technology-internet-network-connection-big-data_51170323-1024x475.jpg 1024w, https:\/\/onmidas.com\/wp-content\/uploads\/2025\/08\/vecteezy_digital-technology-internet-network-connection-big-data_51170323-768x356.jpg 768w, https:\/\/onmidas.com\/wp-content\/uploads\/2025\/08\/vecteezy_digital-technology-internet-network-connection-big-data_51170323-1536x712.jpg 1536w, https:\/\/onmidas.com\/wp-content\/uploads\/2025\/08\/vecteezy_digital-technology-internet-network-connection-big-data_51170323-2048x950.jpg 2048w, https:\/\/onmidas.com\/wp-content\/uploads\/2025\/08\/vecteezy_digital-technology-internet-network-connection-big-data_51170323-18x8.jpg 18w\" sizes=\"(max-width: 2560px) 100vw, 2560px\" \/>\t\t\t\t\t\t\t\t\t\t\t\t\t\t\t<\/div>\n\t\t\t\t<\/div>\n\t\t\t\t<\/div>\n\t\t<div class=\"elementor-element elementor-element-74e6e976 e-con-full e-flex elementor-invisible e-con e-child\" data-id=\"74e6e976\" data-element_type=\"container\" data-e-type=\"container\" data-settings=\"{&quot;animation&quot;:&quot;fadeInRight&quot;}\">\n\t\t\t\t<div class=\"elementor-element elementor-element-3c3b828f elementor-widget elementor-widget-heading\" data-id=\"3c3b828f\" data-element_type=\"widget\" data-e-type=\"widget\" data-widget_type=\"heading.default\">\n\t\t\t\t<div class=\"elementor-widget-container\">\n\t\t\t\t\t<div class=\"elementor-heading-title elementor-size-default\"><span style=\", Helvetica, Arial, sans-serif;font-size: 16px\">A Onmidas Group \u00e9 uma empresa especializada na presta\u00e7\u00e3o de servi\u00e7os t\u00e9cnicos e de engenharia, com atua\u00e7\u00e3o estrat\u00e9gica em outsourcing de profissionais e no fornecimento de solu\u00e7\u00f5es completas e personalizadas por meio de Project Services Center.\n\nCom s\u00f3lida experi\u00eancia nos setores automotivo, ve\u00edculos pesados e ferrovi\u00e1rio, apoiamos nossos clientes na execu\u00e7\u00e3o e gest\u00e3o de projetos de engenharia, conectando talento, t\u00e9cnica e estrat\u00e9gia.\n\nNossa atua\u00e7\u00e3o vai al\u00e9m da entrega t\u00e9cnica: estruturamos times, gerimos projetos e garantimos excel\u00eancia operacional, sempre com foco em efici\u00eancia, qualidade e pessoas.\n\nNosso diferencial est\u00e1 nas rela\u00e7\u00f5es de confian\u00e7a que constru\u00edmos com nossos colaboradores e clientes. Investimos em forma\u00e7\u00e3o t\u00e9cnica e gerencial para novos talentos.\n\nEm sinergia com nossa cultura organizacional, combinamos expertise t\u00e9cnico com uma gest\u00e3o humanizada. Valorizamos as pessoas, incentivamos a inova\u00e7\u00e3o e acreditamos no potencial de cada colaborador para conseguirmos entregar solu\u00e7\u00f5es de alta qualidade.\n\nInvestimos continuamente no desenvolvimento t\u00e9cnico e humano dos nossos profissionais. Essa cultura reflete diretamente na qualidade das entregas, no engajamento das equipes e com isso conseguimos superar as expectativas dos nossos clientes.\n\nOnmidas Group, engenharia com prop\u00f3sito, valores, qualidade e inova\u00e7\u00e3o!<\/span><\/div>\t\t\t\t<\/div>\n\t\t\t\t<\/div>\n\t\t\t\t<\/div>\n\t\t\t\t\t<\/div>\n\t\t\t\t<\/div>\n\t\t<div class=\"elementor-element elementor-element-1a2750f e-flex e-con-boxed e-con e-parent\" data-id=\"1a2750f\" data-element_type=\"container\" data-e-type=\"container\">\n\t\t\t\t\t<div class=\"e-con-inner\">\n\t\t<div class=\"elementor-element elementor-element-9975747 e-con-full e-flex e-con e-child\" data-id=\"9975747\" data-element_type=\"container\" data-e-type=\"container\">\n\t\t\t\t<div class=\"elementor-element elementor-element-ddac57f elementor-invisible elementor-widget elementor-widget-icon-box\" data-id=\"ddac57f\" data-element_type=\"widget\" data-e-type=\"widget\" data-settings=\"{&quot;_animation&quot;:&quot;fadeInUp&quot;,&quot;_animation_delay&quot;:300}\" data-widget_type=\"icon-box.default\">\n\t\t\t\t<div class=\"elementor-widget-container\">\n\t\t\t\t\t\t\t<div class=\"elementor-icon-box-wrapper\">\n\n\t\t\t\n\t\t\t\t\t\t<div class=\"elementor-icon-box-content\">\n\n\t\t\t\t\t\t\t\t\t<div class=\"elementor-icon-box-title\">\n\t\t\t\t\t\t<span  >\n\t\t\t\t\t\t\tMission\t\t\t\t\t\t<\/span>\n\t\t\t\t\t<\/div>\n\t\t\t\t\n\t\t\t\t\t\t\t\t\t<p class=\"elementor-icon-box-description\">\n\t\t\t\t\t\tOffer engineering and project management solutions that meet the specific needs of customers, combining agility, innovation and technical expertise. \n<br><br>\nWe value people as our company's greatest resource, promoting talent development and creating a collaborative work environment that inspires continuous growth. \n<br><br>\nOur goal is to build solid and lasting partnerships, delivering high-quality and impactful results for the most complex challenges in the market.\t\t\t\t\t<\/p>\n\t\t\t\t\n\t\t\t<\/div>\n\t\t\t\n\t\t<\/div>\n\t\t\t\t\t\t<\/div>\n\t\t\t\t<\/div>\n\t\t\t\t<div class=\"elementor-element elementor-element-1b2878b elementor-invisible elementor-widget elementor-widget-icon-box\" data-id=\"1b2878b\" data-element_type=\"widget\" data-e-type=\"widget\" data-settings=\"{&quot;_animation&quot;:&quot;fadeInUp&quot;,&quot;_animation_delay&quot;:300}\" data-widget_type=\"icon-box.default\">\n\t\t\t\t<div class=\"elementor-widget-container\">\n\t\t\t\t\t\t\t<div class=\"elementor-icon-box-wrapper\">\n\n\t\t\t\n\t\t\t\t\t\t<div class=\"elementor-icon-box-content\">\n\n\t\t\t\t\t\t\t\t\t<div class=\"elementor-icon-box-title\">\n\t\t\t\t\t\t<span  >\n\t\t\t\t\t\t\tVision\t\t\t\t\t\t<\/span>\n\t\t\t\t\t<\/div>\n\t\t\t\t\n\t\t\t\t\t\t\t\t\t<p class=\"elementor-icon-box-description\">\n\t\t\t\t\t\tTo be recognized as a global reference in engineering solutions, known for its ability to develop and provide the best professionals and services, establishing long-term partnerships that drive innovation and excellence in the automotive, aeronautical and industrial sectors.\t\t\t\t\t<\/p>\n\t\t\t\t\n\t\t\t<\/div>\n\t\t\t\n\t\t<\/div>\n\t\t\t\t\t\t<\/div>\n\t\t\t\t<\/div>\n\t\t\t\t<div class=\"elementor-element elementor-element-74ba4d6 elementor-invisible elementor-widget elementor-widget-icon-box\" data-id=\"74ba4d6\" data-element_type=\"widget\" data-e-type=\"widget\" data-settings=\"{&quot;_animation&quot;:&quot;fadeInUp&quot;,&quot;_animation_delay&quot;:300}\" data-widget_type=\"icon-box.default\">\n\t\t\t\t<div class=\"elementor-widget-container\">\n\t\t\t\t\t\t\t<div class=\"elementor-icon-box-wrapper\">\n\n\t\t\t\n\t\t\t\t\t\t<div class=\"elementor-icon-box-content\">\n\n\t\t\t\t\t\t\t\t\t<div class=\"elementor-icon-box-title\">\n\t\t\t\t\t\t<span  >\n\t\t\t\t\t\t\tValues\t\t\t\t\t\t<\/span>\n\t\t\t\t\t<\/div>\n\t\t\t\t\n\t\t\t\t\t\t\t\t\t<p class=\"elementor-icon-box-description\">\n\t\t\t\t\t\tHuman appreciation: We believe that people are our greatest asset and we invest in their growth \nand continuous development.\n<br><br>\nInnovation: We seek creative solutions \nand agile to face \nthe challenges of our customers and the market.\n<br><br>\nExcellence: We commit \noffering the highest quality standard \nin all projects \nand services we deliver.\n<br><br>\nTrust: We build long-term relationships with our customers based on transparency, responsibility \nand mutual trust.\t\t\t\t\t<\/p>\n\t\t\t\t\n\t\t\t<\/div>\n\t\t\t\n\t\t<\/div>\n\t\t\t\t\t\t<\/div>\n\t\t\t\t<\/div>\n\t\t\t\t<\/div>\n\t\t\t\t\t<\/div>\n\t\t\t\t<\/div>\n\t\t<div class=\"elementor-element elementor-element-27f18aef e-flex e-con-boxed e-con e-parent\" data-id=\"27f18aef\" data-element_type=\"container\" data-e-type=\"container\" data-settings=\"{&quot;background_background&quot;:&quot;classic&quot;}\">\n\t\t\t\t\t<div class=\"e-con-inner\">\n\t\t<div class=\"elementor-element elementor-element-27047113 e-flex e-con-boxed elementor-invisible e-con e-child\" data-id=\"27047113\" data-element_type=\"container\" data-e-type=\"container\" data-settings=\"{&quot;animation&quot;:&quot;fadeInUp&quot;}\">\n\t\t\t\t\t<div class=\"e-con-inner\">\n\t\t\t\t<div class=\"elementor-element elementor-element-30fc9b0 elementor-widget elementor-widget-heading\" data-id=\"30fc9b0\" data-element_type=\"widget\" data-e-type=\"widget\" data-widget_type=\"heading.default\">\n\t\t\t\t<div class=\"elementor-widget-container\">\n\t\t\t\t\t<h2 class=\"elementor-heading-title elementor-size-default\">Our Team\n<\/h2>\t\t\t\t<\/div>\n\t\t\t\t<\/div>\n\t\t\t\t<div class=\"elementor-element elementor-element-6b27fa6a elementor-widget elementor-widget-heading\" data-id=\"6b27fa6a\" data-element_type=\"widget\" data-e-type=\"widget\" data-widget_type=\"heading.default\">\n\t\t\t\t<div class=\"elementor-widget-container\">\n\t\t\t\t\t<h6 class=\"elementor-heading-title elementor-size-default\">Leadership and Experts<\/h6>\t\t\t\t<\/div>\n\t\t\t\t<\/div>\n\t\t\t\t<div class=\"elementor-element elementor-element-4a9c19b elementor-widget elementor-widget-heading\" data-id=\"4a9c19b\" data-element_type=\"widget\" data-e-type=\"widget\" data-widget_type=\"heading.default\">\n\t\t\t\t<div class=\"elementor-widget-container\">\n\t\t\t\t\t<h6 class=\"elementor-heading-title elementor-size-default\">Our team is made up of great leaders committed to the training and continuous development of the team, standing out for humanized management and motivation of people, offering agility in decision-making and flexibility to meet new demands.<\/h6>\t\t\t\t<\/div>\n\t\t\t\t<\/div>\n\t\t\t\t\t<\/div>\n\t\t\t\t<\/div>\n\t\t<div class=\"elementor-element elementor-element-72ad2cc4 e-con-full e-grid e-con e-child\" data-id=\"72ad2cc4\" data-element_type=\"container\" data-e-type=\"container\">\n\t\t<div class=\"elementor-element elementor-element-2fa851ca e-con-full e-flex e-con e-child\" data-id=\"2fa851ca\" data-element_type=\"container\" data-e-type=\"container\" data-settings=\"{&quot;background_background&quot;:&quot;gradient&quot;}\">\n\t\t\t\t<div class=\"elementor-element elementor-element-8fdb74c elementor-widget elementor-widget-image\" data-id=\"8fdb74c\" data-element_type=\"widget\" data-e-type=\"widget\" data-widget_type=\"image.default\">\n\t\t\t\t<div class=\"elementor-widget-container\">\n\t\t\t\t\t\t\t\t\t\t\t\t\t\t\t<img decoding=\"async\" width=\"2000\" height=\"2274\" src=\"https:\/\/onmidas.com\/wp-content\/uploads\/2025\/09\/FOTO4-Photoroom-5.jpg\" class=\"attachment-full size-full wp-image-1037\" alt=\"\" srcset=\"https:\/\/onmidas.com\/wp-content\/uploads\/2025\/09\/FOTO4-Photoroom-5.jpg 2000w, https:\/\/onmidas.com\/wp-content\/uploads\/2025\/09\/FOTO4-Photoroom-5-264x300.jpg 264w, https:\/\/onmidas.com\/wp-content\/uploads\/2025\/09\/FOTO4-Photoroom-5-901x1024.jpg 901w, https:\/\/onmidas.com\/wp-content\/uploads\/2025\/09\/FOTO4-Photoroom-5-768x873.jpg 768w, https:\/\/onmidas.com\/wp-content\/uploads\/2025\/09\/FOTO4-Photoroom-5-1351x1536.jpg 1351w\" sizes=\"(max-width: 2000px) 100vw, 2000px\" \/>\t\t\t\t\t\t\t\t\t\t\t\t\t\t\t<\/div>\n\t\t\t\t<\/div>\n\t\t\t\t<div class=\"elementor-element elementor-element-78852647 elementor-widget elementor-widget-icon-box\" data-id=\"78852647\" data-element_type=\"widget\" data-e-type=\"widget\" data-widget_type=\"icon-box.default\">\n\t\t\t\t<div class=\"elementor-widget-container\">\n\t\t\t\t\t\t\t<div class=\"elementor-icon-box-wrapper\">\n\n\t\t\t\n\t\t\t\t\t\t<div class=\"elementor-icon-box-content\">\n\n\t\t\t\t\t\t\t\t\t<div class=\"elementor-icon-box-title\">\n\t\t\t\t\t\t<span  >\n\t\t\t\t\t\t\tRodrigo Toledo\t\t\t\t\t\t<\/span>\n\t\t\t\t\t<\/div>\n\t\t\t\t\n\t\t\t\t\t\t\t\t\t<p class=\"elementor-icon-box-description\">\n\t\t\t\t\t\tCEO\t\t\t\t\t<\/p>\n\t\t\t\t\n\t\t\t<\/div>\n\t\t\t\n\t\t<\/div>\n\t\t\t\t\t\t<\/div>\n\t\t\t\t<\/div>\n\t\t\t\t<\/div>\n\t\t<div class=\"elementor-element elementor-element-5f1333f9 e-con-full e-flex e-con e-child\" data-id=\"5f1333f9\" data-element_type=\"container\" data-e-type=\"container\" data-settings=\"{&quot;background_background&quot;:&quot;gradient&quot;}\">\n\t\t\t\t<div class=\"elementor-element elementor-element-4eca317 elementor-widget elementor-widget-image\" data-id=\"4eca317\" data-element_type=\"widget\" data-e-type=\"widget\" data-widget_type=\"image.default\">\n\t\t\t\t<div class=\"elementor-widget-container\">\n\t\t\t\t\t\t\t\t\t\t\t\t\t\t\t<img decoding=\"async\" width=\"2000\" height=\"2274\" src=\"https:\/\/onmidas.com\/wp-content\/uploads\/2025\/09\/FOTO4-Photoroom-1.jpg\" class=\"attachment-full size-full wp-image-1036\" alt=\"\" srcset=\"https:\/\/onmidas.com\/wp-content\/uploads\/2025\/09\/FOTO4-Photoroom-1.jpg 2000w, https:\/\/onmidas.com\/wp-content\/uploads\/2025\/09\/FOTO4-Photoroom-1-264x300.jpg 264w, https:\/\/onmidas.com\/wp-content\/uploads\/2025\/09\/FOTO4-Photoroom-1-901x1024.jpg 901w, https:\/\/onmidas.com\/wp-content\/uploads\/2025\/09\/FOTO4-Photoroom-1-768x873.jpg 768w, https:\/\/onmidas.com\/wp-content\/uploads\/2025\/09\/FOTO4-Photoroom-1-1351x1536.jpg 1351w\" sizes=\"(max-width: 2000px) 100vw, 2000px\" \/>\t\t\t\t\t\t\t\t\t\t\t\t\t\t\t<\/div>\n\t\t\t\t<\/div>\n\t\t\t\t<div class=\"elementor-element elementor-element-29591d03 elementor-widget elementor-widget-icon-box\" data-id=\"29591d03\" data-element_type=\"widget\" data-e-type=\"widget\" data-widget_type=\"icon-box.default\">\n\t\t\t\t<div class=\"elementor-widget-container\">\n\t\t\t\t\t\t\t<div class=\"elementor-icon-box-wrapper\">\n\n\t\t\t\n\t\t\t\t\t\t<div class=\"elementor-icon-box-content\">\n\n\t\t\t\t\t\t\t\t\t<div class=\"elementor-icon-box-title\">\n\t\t\t\t\t\t<span  >\n\t\t\t\t\t\t\tFabr\u00edcio Aquino\t\t\t\t\t\t<\/span>\n\t\t\t\t\t<\/div>\n\t\t\t\t\n\t\t\t\t\t\t\t\t\t<p class=\"elementor-icon-box-description\">\n\t\t\t\t\t\tCOO | M\u00e9xico \t\t\t\t\t<\/p>\n\t\t\t\t\n\t\t\t<\/div>\n\t\t\t\n\t\t<\/div>\n\t\t\t\t\t\t<\/div>\n\t\t\t\t<\/div>\n\t\t\t\t<\/div>\n\t\t<div class=\"elementor-element elementor-element-52e8f8db e-con-full e-flex e-con e-child\" data-id=\"52e8f8db\" data-element_type=\"container\" data-e-type=\"container\" data-settings=\"{&quot;background_background&quot;:&quot;gradient&quot;}\">\n\t\t\t\t<div class=\"elementor-element elementor-element-43e465d elementor-widget elementor-widget-image\" data-id=\"43e465d\" data-element_type=\"widget\" data-e-type=\"widget\" data-widget_type=\"image.default\">\n\t\t\t\t<div class=\"elementor-widget-container\">\n\t\t\t\t\t\t\t\t\t\t\t\t\t\t\t<img loading=\"lazy\" decoding=\"async\" width=\"2000\" height=\"2274\" src=\"https:\/\/onmidas.com\/wp-content\/uploads\/2025\/09\/FOTO4-Photoroom-4.jpg\" class=\"attachment-full size-full wp-image-1038\" alt=\"\" srcset=\"https:\/\/onmidas.com\/wp-content\/uploads\/2025\/09\/FOTO4-Photoroom-4.jpg 2000w, https:\/\/onmidas.com\/wp-content\/uploads\/2025\/09\/FOTO4-Photoroom-4-264x300.jpg 264w, https:\/\/onmidas.com\/wp-content\/uploads\/2025\/09\/FOTO4-Photoroom-4-901x1024.jpg 901w, https:\/\/onmidas.com\/wp-content\/uploads\/2025\/09\/FOTO4-Photoroom-4-768x873.jpg 768w, https:\/\/onmidas.com\/wp-content\/uploads\/2025\/09\/FOTO4-Photoroom-4-1351x1536.jpg 1351w\" sizes=\"(max-width: 2000px) 100vw, 2000px\" \/>\t\t\t\t\t\t\t\t\t\t\t\t\t\t\t<\/div>\n\t\t\t\t<\/div>\n\t\t\t\t<div class=\"elementor-element elementor-element-5a026eb0 elementor-widget elementor-widget-icon-box\" data-id=\"5a026eb0\" data-element_type=\"widget\" data-e-type=\"widget\" data-widget_type=\"icon-box.default\">\n\t\t\t\t<div class=\"elementor-widget-container\">\n\t\t\t\t\t\t\t<div class=\"elementor-icon-box-wrapper\">\n\n\t\t\t\n\t\t\t\t\t\t<div class=\"elementor-icon-box-content\">\n\n\t\t\t\t\t\t\t\t\t<div class=\"elementor-icon-box-title\">\n\t\t\t\t\t\t<span  >\n\t\t\t\t\t\t\tHiwry Silva\t\t\t\t\t\t<\/span>\n\t\t\t\t\t<\/div>\n\t\t\t\t\n\t\t\t\t\t\t\t\t\t<p class=\"elementor-icon-box-description\">\n\t\t\t\t\t\tEngineering Manager\t\t\t\t\t<\/p>\n\t\t\t\t\n\t\t\t<\/div>\n\t\t\t\n\t\t<\/div>\n\t\t\t\t\t\t<\/div>\n\t\t\t\t<\/div>\n\t\t\t\t<\/div>\n\t\t<div class=\"elementor-element elementor-element-2d7e7b8e e-con-full e-flex e-con e-child\" data-id=\"2d7e7b8e\" data-element_type=\"container\" data-e-type=\"container\" data-settings=\"{&quot;background_background&quot;:&quot;gradient&quot;}\">\n\t\t\t\t<div class=\"elementor-element elementor-element-aaf46cc elementor-widget elementor-widget-image\" data-id=\"aaf46cc\" data-element_type=\"widget\" data-e-type=\"widget\" data-widget_type=\"image.default\">\n\t\t\t\t<div class=\"elementor-widget-container\">\n\t\t\t\t\t\t\t\t\t\t\t\t\t\t\t<img loading=\"lazy\" decoding=\"async\" width=\"2000\" height=\"2274\" src=\"https:\/\/onmidas.com\/wp-content\/uploads\/2025\/09\/FOTO4-Photoroom.jpg\" class=\"attachment-full size-full wp-image-1033\" alt=\"\" srcset=\"https:\/\/onmidas.com\/wp-content\/uploads\/2025\/09\/FOTO4-Photoroom.jpg 2000w, https:\/\/onmidas.com\/wp-content\/uploads\/2025\/09\/FOTO4-Photoroom-264x300.jpg 264w, https:\/\/onmidas.com\/wp-content\/uploads\/2025\/09\/FOTO4-Photoroom-901x1024.jpg 901w, https:\/\/onmidas.com\/wp-content\/uploads\/2025\/09\/FOTO4-Photoroom-768x873.jpg 768w, https:\/\/onmidas.com\/wp-content\/uploads\/2025\/09\/FOTO4-Photoroom-1351x1536.jpg 1351w\" sizes=\"(max-width: 2000px) 100vw, 2000px\" \/>\t\t\t\t\t\t\t\t\t\t\t\t\t\t\t<\/div>\n\t\t\t\t<\/div>\n\t\t\t\t<div class=\"elementor-element elementor-element-4ea95c56 elementor-widget elementor-widget-icon-box\" data-id=\"4ea95c56\" data-element_type=\"widget\" data-e-type=\"widget\" data-widget_type=\"icon-box.default\">\n\t\t\t\t<div class=\"elementor-widget-container\">\n\t\t\t\t\t\t\t<div class=\"elementor-icon-box-wrapper\">\n\n\t\t\t\n\t\t\t\t\t\t<div class=\"elementor-icon-box-content\">\n\n\t\t\t\t\t\t\t\t\t<div class=\"elementor-icon-box-title\">\n\t\t\t\t\t\t<span  >\n\t\t\t\t\t\t\tAna Carolina\t\t\t\t\t\t<\/span>\n\t\t\t\t\t<\/div>\n\t\t\t\t\n\t\t\t\t\t\t\t\t\t<p class=\"elementor-icon-box-description\">\n\t\t\t\t\t\tAdministrative Management\t\t\t\t\t<\/p>\n\t\t\t\t\n\t\t\t<\/div>\n\t\t\t\n\t\t<\/div>\n\t\t\t\t\t\t<\/div>\n\t\t\t\t<\/div>\n\t\t\t\t<\/div>\n\t\t<div class=\"elementor-element elementor-element-c91cc74 e-con-full e-flex e-con e-child\" data-id=\"c91cc74\" data-element_type=\"container\" data-e-type=\"container\" data-settings=\"{&quot;background_background&quot;:&quot;gradient&quot;}\">\n\t\t\t\t<div class=\"elementor-element elementor-element-1363df1 elementor-widget elementor-widget-image\" data-id=\"1363df1\" data-element_type=\"widget\" data-e-type=\"widget\" data-widget_type=\"image.default\">\n\t\t\t\t<div class=\"elementor-widget-container\">\n\t\t\t\t\t\t\t\t\t\t\t\t\t\t\t<img loading=\"lazy\" decoding=\"async\" width=\"2000\" height=\"2274\" src=\"https:\/\/onmidas.com\/wp-content\/uploads\/2025\/10\/FOTOO-Photoroom.jpg\" class=\"attachment-full size-full wp-image-1054\" alt=\"\" srcset=\"https:\/\/onmidas.com\/wp-content\/uploads\/2025\/10\/FOTOO-Photoroom.jpg 2000w, https:\/\/onmidas.com\/wp-content\/uploads\/2025\/10\/FOTOO-Photoroom-264x300.jpg 264w, https:\/\/onmidas.com\/wp-content\/uploads\/2025\/10\/FOTOO-Photoroom-901x1024.jpg 901w, https:\/\/onmidas.com\/wp-content\/uploads\/2025\/10\/FOTOO-Photoroom-768x873.jpg 768w, https:\/\/onmidas.com\/wp-content\/uploads\/2025\/10\/FOTOO-Photoroom-1351x1536.jpg 1351w, https:\/\/onmidas.com\/wp-content\/uploads\/2025\/10\/FOTOO-Photoroom-1801x2048.jpg 1801w, https:\/\/onmidas.com\/wp-content\/uploads\/2025\/10\/FOTOO-Photoroom-11x12.jpg 11w\" sizes=\"(max-width: 2000px) 100vw, 2000px\" \/>\t\t\t\t\t\t\t\t\t\t\t\t\t\t\t<\/div>\n\t\t\t\t<\/div>\n\t\t\t\t<div class=\"elementor-element elementor-element-ee511a6 elementor-widget elementor-widget-icon-box\" data-id=\"ee511a6\" data-element_type=\"widget\" data-e-type=\"widget\" data-widget_type=\"icon-box.default\">\n\t\t\t\t<div class=\"elementor-widget-container\">\n\t\t\t\t\t\t\t<div class=\"elementor-icon-box-wrapper\">\n\n\t\t\t\n\t\t\t\t\t\t<div class=\"elementor-icon-box-content\">\n\n\t\t\t\t\t\t\t\t\t<div class=\"elementor-icon-box-title\">\n\t\t\t\t\t\t<span  >\n\t\t\t\t\t\t\tGerson Marinho\t\t\t\t\t\t<\/span>\n\t\t\t\t\t<\/div>\n\t\t\t\t\n\t\t\t\t\t\t\t\t\t<p class=\"elementor-icon-box-description\">\n\t\t\t\t\t\tGerente  de Engenharia\t\t\t\t\t<\/p>\n\t\t\t\t\n\t\t\t<\/div>\n\t\t\t\n\t\t<\/div>\n\t\t\t\t\t\t<\/div>\n\t\t\t\t<\/div>\n\t\t\t\t<\/div>\n\t\t\t\t<\/div>\n\t\t\t\t\t<\/div>\n\t\t\t\t<\/div>\n\t\t\t\t<\/div>","protected":false},"excerpt":{"rendered":"<p>Nossa Hist\u00f3ria A Onmidas Group \u00e9 uma empresa especializada na presta\u00e7\u00e3o de servi\u00e7os t\u00e9cnicos e de engenharia, com atua\u00e7\u00e3o estrat\u00e9gica em outsourcing de profissionais e no fornecimento de solu\u00e7\u00f5es completas e personalizadas por meio de Project Services Center. Com s\u00f3lida experi\u00eancia nos setores automotivo, ve\u00edculos pesados e ferrovi\u00e1rio, apoiamos nossos clientes na execu\u00e7\u00e3o e gest\u00e3o [&hellip;]<\/p>\n","protected":false},"author":1,"featured_media":0,"parent":0,"menu_order":0,"comment_status":"closed","ping_status":"closed","template":"elementor_header_footer","meta":{"footnotes":""},"class_list":["post-377","page","type-page","status-publish","hentry"],"_links":{"self":[{"href":"https:\/\/onmidas.com\/en\/wp-json\/wp\/v2\/pages\/377","targetHints":{"allow":["GET"]}}],"collection":[{"href":"https:\/\/onmidas.com\/en\/wp-json\/wp\/v2\/pages"}],"about":[{"href":"https:\/\/onmidas.com\/en\/wp-json\/wp\/v2\/types\/page"}],"author":[{"embeddable":true,"href":"https:\/\/onmidas.com\/en\/wp-json\/wp\/v2\/users\/1"}],"replies":[{"embeddable":true,"href":"https:\/\/onmidas.com\/en\/wp-json\/wp\/v2\/comments?post=377"}],"version-history":[{"count":64,"href":"https:\/\/onmidas.com\/en\/wp-json\/wp\/v2\/pages\/377\/revisions"}],"predecessor-version":[{"id":1068,"href":"https:\/\/onmidas.com\/en\/wp-json\/wp\/v2\/pages\/377\/revisions\/1068"}],"wp:attachment":[{"href":"https:\/\/onmidas.com\/en\/wp-json\/wp\/v2\/media?parent=377"}],"curies":[{"name":"wp","href":"https:\/\/api.w.org\/{rel}","templated":true}]}}